{"id":9,"date":"2026-03-10T17:20:49","date_gmt":"2026-03-10T17:20:49","guid":{"rendered":"https:\/\/www.progresolaboralcooperativaltda.com\/?page_id=9"},"modified":"2026-03-13T02:13:28","modified_gmt":"2026-03-13T02:13:28","slug":"home","status":"publish","type":"page","link":"https:\/\/www.progresolaboralcooperativaltda.com\/","title":{"rendered":"Home"},"content":{"rendered":"\t\t<div data-elementor-type=\"wp-post\" data-elementor-id=\"9\" class=\"elementor elementor-9\" data-elementor-post-type=\"page\">\n\t\t\t\t<div class=\"elementor-element elementor-element-27ec9d7c e-flex e-con-boxed e-con e-parent\" data-id=\"27ec9d7c\" data-element_type=\"container\" data-e-type=\"container\" data-settings=\"{&quot;background_background&quot;:&quot;classic&quot;,&quot;shape_divider_bottom&quot;:&quot;waves&quot;,&quot;shape_divider_bottom_negative&quot;:&quot;yes&quot;}\">\n\t\t\t\t\t<div class=\"e-con-inner\">\n\t\t\t\t<div class=\"elementor-shape elementor-shape-bottom\" aria-hidden=\"true\" data-negative=\"true\">\n\t\t\t<svg xmlns=\"http:\/\/www.w3.org\/2000\/svg\" viewBox=\"0 0 1000 100\" preserveAspectRatio=\"none\">\n\t<path class=\"elementor-shape-fill\" d=\"M790.5,93.1c-59.3-5.3-116.8-18-192.6-50c-29.6-12.7-76.9-31-100.5-35.9c-23.6-4.9-52.6-7.8-75.5-5.3\n\tc-10.2,1.1-22.6,1.4-50.1,7.4c-27.2,6.3-58.2,16.6-79.4,24.7c-41.3,15.9-94.9,21.9-134,22.6C72,58.2,0,25.8,0,25.8V100h1000V65.3\n\tc0,0-51.5,19.4-106.2,25.7C839.5,97,814.1,95.2,790.5,93.1z\"\/>\n<\/svg>\t\t<\/div>\n\t\t<div class=\"elementor-element elementor-element-59aa796e e-con-full e-flex e-con e-child\" data-id=\"59aa796e\" data-element_type=\"container\" data-e-type=\"container\">\n\t\t\t\t<div class=\"elementor-element elementor-element-b78543e elementor-hidden-desktop elementor-hidden-tablet elementor-widget elementor-widget-image\" data-id=\"b78543e\" data-element_type=\"widget\" data-e-type=\"widget\" data-widget_type=\"image.default\">\n\t\t\t\t\t\t\t\t\t\t\t\t\t\t\t<img fetchpriority=\"high\" decoding=\"async\" width=\"748\" height=\"600\" src=\"https:\/\/www.progresolaboralcooperativaltda.com\/app\/uploads\/2026\/03\/compressed_head-1.webp\" class=\"attachment-large size-large wp-image-388\" alt=\"\" srcset=\"https:\/\/www.progresolaboralcooperativaltda.com\/app\/uploads\/2026\/03\/compressed_head-1.webp 748w, https:\/\/www.progresolaboralcooperativaltda.com\/app\/uploads\/2026\/03\/compressed_head-1-300x241.webp 300w\" sizes=\"(max-width: 748px) 100vw, 748px\" \/>\t\t\t\t\t\t\t\t\t\t\t\t\t\t\t<\/div>\n\t\t\t\t<div class=\"elementor-element elementor-element-30e79fd elementor-widget-mobile__width-initial elementor-widget elementor-widget-heading\" data-id=\"30e79fd\" data-element_type=\"widget\" data-e-type=\"widget\" data-widget_type=\"heading.default\">\n\t\t\t\t\t<h1 class=\"elementor-heading-title elementor-size-default\">\u00a1Limpieza profesional de todo tipo, ll\u00e1manos y te cotizamos!<\/h1>\t\t\t\t<\/div>\n\t\t\t\t<div class=\"elementor-element elementor-element-6faffef9 elementor-widget-tablet__width-initial elementor-widget__width-initial elementor-widget elementor-widget-text-editor\" data-id=\"6faffef9\" data-element_type=\"widget\" data-e-type=\"widget\" data-widget_type=\"text-editor.default\">\n\t\t\t\t\t\t\t\t\tCooperativa de limpieza y mantenimiento corporativo con m\u00e1s de 15 a\u00f1os de trayectoria\t\t\t\t\t\t\t\t<\/div>\n\t\t<div class=\"elementor-element elementor-element-13f7ec5b e-con-full e-flex e-con e-child\" data-id=\"13f7ec5b\" data-element_type=\"container\" data-e-type=\"container\">\n\t\t<div class=\"elementor-element elementor-element-eae7bf8 e-con-full e-flex e-con e-child\" data-id=\"eae7bf8\" data-element_type=\"container\" data-e-type=\"container\">\n\t\t\t\t<div class=\"elementor-element elementor-element-403fe9b2 elementor-mobile-align-center elementor-align-center elementor-widget elementor-widget-button\" data-id=\"403fe9b2\" data-element_type=\"widget\" data-e-type=\"widget\" data-widget_type=\"button.default\">\n\t\t\t\t\t\t\t\t\t\t<a class=\"elementor-button elementor-button-link elementor-size-sm\" href=\"https:\/\/api.whatsapp.com\/send\/?phone=5493416190181\" target=\"_blank\" rel=\"noopener noreferrer nofollow\">\n\t\t\t\t\t\t<span class=\"elementor-button-content-wrapper\">\n\t\t\t\t\t\t\t\t\t<span class=\"elementor-button-text\">Hablar con un Asesor<\/span>\n\t\t\t\t\t<\/span>\n\t\t\t\t\t<\/a>\n\t\t\t\t\t\t\t\t<\/div>\n\t\t\t\t<\/div>\n\t\t\t\t<\/div>\n\t\t\t\t<\/div>\n\t\t<div class=\"elementor-element elementor-element-2d27c5fb e-con-full e-flex e-con e-child\" data-id=\"2d27c5fb\" data-element_type=\"container\" data-e-type=\"container\">\n\t\t\t\t<div class=\"elementor-element elementor-element-7ec4cfa2 elementor-hidden-mobile elementor-widget-tablet__width-inherit elementor-widget elementor-widget-image\" data-id=\"7ec4cfa2\" data-element_type=\"widget\" data-e-type=\"widget\" data-widget_type=\"image.default\">\n\t\t\t\t\t\t\t\t\t\t\t\t\t\t\t<img decoding=\"async\" width=\"748\" height=\"600\" src=\"https:\/\/www.progresolaboralcooperativaltda.com\/app\/uploads\/2026\/03\/compressed_head-1.webp\" class=\"attachment-medium_large size-medium_large wp-image-388\" alt=\"\" srcset=\"https:\/\/www.progresolaboralcooperativaltda.com\/app\/uploads\/2026\/03\/compressed_head-1.webp 748w, https:\/\/www.progresolaboralcooperativaltda.com\/app\/uploads\/2026\/03\/compressed_head-1-300x241.webp 300w\" sizes=\"(max-width: 748px) 100vw, 748px\" \/>\t\t\t\t\t\t\t\t\t\t\t\t\t\t\t<\/div>\n\t\t\t\t<\/div>\n\t\t\t\t<div class=\"elementor-element elementor-element-f8ab79a elementor-absolute elementor-widget elementor-widget-menu-anchor\" data-id=\"f8ab79a\" data-element_type=\"widget\" data-e-type=\"widget\" data-settings=\"{&quot;_position&quot;:&quot;absolute&quot;}\" data-widget_type=\"menu-anchor.default\">\n\t\t\t\t\t\t\t<div class=\"elementor-menu-anchor\" id=\"nosotros\"><\/div>\n\t\t\t\t\t\t<\/div>\n\t\t\t\t\t<\/div>\n\t\t\t\t<\/div>\n\t\t<div class=\"elementor-element elementor-element-4d1cd017 e-flex e-con-boxed e-con e-parent\" data-id=\"4d1cd017\" data-element_type=\"container\" data-e-type=\"container\" data-settings=\"{&quot;background_background&quot;:&quot;classic&quot;}\">\n\t\t\t\t\t<div class=\"e-con-inner\">\n\t\t\t\t<div class=\"elementor-element elementor-element-9ac2aea elementor-widget elementor-widget-image\" data-id=\"9ac2aea\" data-element_type=\"widget\" data-e-type=\"widget\" data-widget_type=\"image.default\">\n\t\t\t\t\t\t\t\t\t\t\t\t\t\t\t<img decoding=\"async\" width=\"737\" height=\"1024\" src=\"https:\/\/www.progresolaboralcooperativaltda.com\/app\/uploads\/2026\/03\/Sin-titulo-1-2-737x1024.png\" class=\"attachment-large size-large wp-image-99\" alt=\"\" srcset=\"https:\/\/www.progresolaboralcooperativaltda.com\/app\/uploads\/2026\/03\/Sin-titulo-1-2-737x1024.png 737w, https:\/\/www.progresolaboralcooperativaltda.com\/app\/uploads\/2026\/03\/Sin-titulo-1-2-216x300.png 216w, https:\/\/www.progresolaboralcooperativaltda.com\/app\/uploads\/2026\/03\/Sin-titulo-1-2-768x1067.png 768w, https:\/\/www.progresolaboralcooperativaltda.com\/app\/uploads\/2026\/03\/Sin-titulo-1-2.png 1008w\" sizes=\"(max-width: 737px) 100vw, 737px\" \/>\t\t\t\t\t\t\t\t\t\t\t\t\t\t\t<\/div>\n\t\t<div class=\"elementor-element elementor-element-1e55b112 e-con-full e-flex e-con e-child\" data-id=\"1e55b112\" data-element_type=\"container\" data-e-type=\"container\">\n\t\t\t\t<div class=\"elementor-element elementor-element-d6971b4 elementor-widget-mobile__width-initial elementor-widget-tablet__width-initial elementor-widget elementor-widget-heading\" data-id=\"d6971b4\" data-element_type=\"widget\" data-e-type=\"widget\" data-widget_type=\"heading.default\">\n\t\t\t\t\t<h2 class=\"elementor-heading-title elementor-size-default\">Quienes Somos<\/h2>\t\t\t\t<\/div>\n\t\t\t\t<div class=\"elementor-element elementor-element-c09f7d8 elementor-widget-mobile__width-initial elementor-widget__width-initial elementor-widget elementor-widget-heading\" data-id=\"c09f7d8\" data-element_type=\"widget\" data-e-type=\"widget\" data-widget_type=\"heading.default\">\n\t\t\t\t\t<h4 class=\"elementor-heading-title elementor-size-default\"><a href=\"http:\/\/Somos%20una%20cooperativa%20basada%20en%20la%20solidaridad%20y%20la%20cooperaci\u00f3n,%20con%20m\u00e1s%20de%2010%20a\u00f1os%20de%20trayectoria%20as\u00ed%20como%20una%20cartera%20de%20clientes%20de%20primera%20l\u00ednea%20que%20dan%20cuenta%20de%20la%20calidad%20de%20nuestras%20prestaciones.\" target=\"_blank\" rel=\"noopener noreferrer nofollow\">Somos una cooperativa basada en la solidaridad y la cooperaci\u00f3n, con m\u00e1s de 10 a\u00f1os de trayectoria as\u00ed como una cartera de clientes de primera l\u00ednea que dan cuenta de la calidad de nuestras prestaciones.<\/a><\/h4>\t\t\t\t<\/div>\n\t\t\t\t<\/div>\n\t\t\t\t\t<\/div>\n\t\t\t\t<\/div>\n\t\t<div class=\"elementor-element elementor-element-f22fd6b e-flex e-con-boxed e-con e-parent\" data-id=\"f22fd6b\" data-element_type=\"container\" data-e-type=\"container\">\n\t\t\t\t\t<div class=\"e-con-inner\">\n\t\t\t\t<div class=\"elementor-element elementor-element-b57babf elementor-absolute elementor-widget elementor-widget-menu-anchor\" data-id=\"b57babf\" data-element_type=\"widget\" data-e-type=\"widget\" data-settings=\"{&quot;_position&quot;:&quot;absolute&quot;}\" data-widget_type=\"menu-anchor.default\">\n\t\t\t\t\t\t\t<div class=\"elementor-menu-anchor\" id=\"servicios\"><\/div>\n\t\t\t\t\t\t<\/div>\n\t\t<div class=\"elementor-element elementor-element-65c89f7 e-con-full e-flex e-con e-child\" data-id=\"65c89f7\" data-element_type=\"container\" data-e-type=\"container\">\n\t\t<div class=\"elementor-element elementor-element-2aea0ad e-con-full e-flex e-con e-child\" data-id=\"2aea0ad\" data-element_type=\"container\" data-e-type=\"container\">\n\t\t\t\t<div class=\"elementor-element elementor-element-b59e654 elementor-widget elementor-widget-image\" data-id=\"b59e654\" data-element_type=\"widget\" data-e-type=\"widget\" data-widget_type=\"image.default\">\n\t\t\t\t\t\t\t\t\t\t\t\t\t\t\t<img loading=\"lazy\" decoding=\"async\" width=\"366\" height=\"268\" src=\"https:\/\/www.progresolaboralcooperativaltda.com\/app\/uploads\/2026\/03\/Group-8-1.png\" class=\"attachment-large size-large wp-image-97\" alt=\"\" srcset=\"https:\/\/www.progresolaboralcooperativaltda.com\/app\/uploads\/2026\/03\/Group-8-1.png 366w, https:\/\/www.progresolaboralcooperativaltda.com\/app\/uploads\/2026\/03\/Group-8-1-300x220.png 300w\" sizes=\"(max-width: 366px) 100vw, 366px\" \/>\t\t\t\t\t\t\t\t\t\t\t\t\t\t\t<\/div>\n\t\t\t\t<\/div>\n\t\t\t\t<div class=\"elementor-element elementor-element-a2a2103 elementor-widget elementor-widget-heading\" data-id=\"a2a2103\" data-element_type=\"widget\" data-e-type=\"widget\" data-widget_type=\"heading.default\">\n\t\t\t\t\t<h2 class=\"elementor-heading-title elementor-size-default\">Soluciones acordes a sus necesidades\u200b<\/h2>\t\t\t\t<\/div>\n\t\t\t\t<div class=\"elementor-element elementor-element-5fc083b elementor-widget-divider--view-line_text elementor-widget-divider--element-align-center elementor-widget elementor-widget-divider\" data-id=\"5fc083b\" data-element_type=\"widget\" data-e-type=\"widget\" data-widget_type=\"divider.default\">\n\t\t\t\t\t\t\t<div class=\"elementor-divider\">\n\t\t\t<span class=\"elementor-divider-separator\">\n\t\t\t\t\t\t\t<span class=\"elementor-divider__text elementor-divider__element\">\n\t\t\t\tNuestra Propuesta\t\t\t\t<\/span>\n\t\t\t\t\t\t<\/span>\n\t\t<\/div>\n\t\t\t\t\t\t<\/div>\n\t\t\t\t<\/div>\n\t\t\t\t\t<\/div>\n\t\t\t\t<\/div>\n\t\t<div class=\"elementor-element elementor-element-5b4d3e3 e-flex e-con-boxed e-con e-parent\" data-id=\"5b4d3e3\" data-element_type=\"container\" data-e-type=\"container\">\n\t\t\t\t\t<div class=\"e-con-inner\">\n\t\t\t\t<div class=\"elementor-element elementor-element-539fbb8 elementor-widget elementor-widget-ucaddon_post_grid\" data-id=\"539fbb8\" data-element_type=\"widget\" data-e-type=\"widget\" data-widget_type=\"ucaddon_post_grid.default\">\n\t\t\t\t<div class=\"elementor-widget-container\">\n\t\t\t\t\t\n<!-- start Post Grid -->\n\t\t<link id='font-awesome-css' href='https:\/\/www.progresolaboralcooperativaltda.com\/app\/plugins\/unlimited-elements-for-elementor\/assets_libraries\/font-awesome6\/fontawesome-all.min.css' type='text\/css' rel='stylesheet' >\n\t\t<link id='font-awesome-4-shim-css' href='https:\/\/www.progresolaboralcooperativaltda.com\/app\/plugins\/unlimited-elements-for-elementor\/assets_libraries\/font-awesome6\/fontawesome-v4-shims.min.css' type='text\/css' rel='stylesheet' >\n\n<style>\/* widget: Post Grid *\/\n\n\n\n#uc_post_grid_elementor_539fbb8{\n  min-height: 1px;\n}\n\n#uc_post_grid_elementor_539fbb8.uc_post_grid_style_one .uc_post_grid_style_one_wrap {\n   display:grid;\n}\n\n\n#uc_post_grid_elementor_539fbb8 .uc_post_grid_style_one_item{\n  position:relative;\n}\n\n#uc_post_grid_elementor_539fbb8 .uc_post_image{\n  transition:0.3s;\n  position:relative;\n  overflow:hidden;\n}\n\n#uc_post_grid_elementor_539fbb8 .uc_post_image img{\n  width:100%;\n  display:block;\n  transition:0.3s;\n}\n\n\t\n\n#uc_post_grid_elementor_539fbb8 .uc_post_image_overlay{\n  position:absolute;\n  top:0px;\n  left:0px;\n  height:100%;\n  width:100%;\n  transition:0.3s;\n}\n\n#uc_post_grid_elementor_539fbb8 .uc_more_btn-custom-field{\n  display:inline-block;\n  text-align:center;\n  text-decoration:none;\n  transition:0.3s;\n}\n\n#uc_post_grid_elementor_539fbb8 .uc_more_btn{\n  display:inline-block;\n  text-align:center;\n  text-decoration:none;\n  transition:0.3s;\n}\n\n.ue-grid-item-category a{\n  display:inline-block;\n  font-size:10px;\n  position: relative;\n  z-index: 1;\n}\n\n#uc_post_grid_elementor_539fbb8 .ue-grid-item-posttype{\n  display:inline-block;\n  position: relative;\n  z-index: 1;\n}\n\n\n.uc_post_title{\n  font-size:21px;\n}\n\n\n#uc_post_grid_elementor_539fbb8.uc_post_grid_style_one.ue-list-view .uc_content{\n flex-grow:1;\n}\n\n\n  #uc_post_grid_elementor_539fbb8:not(.ue-list-view) .ue_post_grid_item{\n    display:flex;\n    flex-direction:column;\n  }\n  \n  #uc_post_grid_elementor_539fbb8.uc_post_grid_style_one:not(.ue-list-view) .uc_content{\n   flex-grow:1;\n  }\n\n  #uc_post_grid_elementor_539fbb8.uc_post_grid_style_one .uc_content > div{\n    height:100%;\n    display:flex;\n    flex-direction:column;\n      }\n\n  \n\n\n\n\n\n\n\n\n\n\n\n\n\/*  for grid\/list layout switcher*\/\n\t#uc_post_grid_elementor_539fbb8.ue-list-view .uc_post_grid_style_one_item {\n     display:flex;  \n     flex-direction:row;\n    }\n    #uc_post_grid_elementor_539fbb8.ue-list-view .uc_post_grid_style_one_item > div{\n     width:50%;\n    }\n   \n    #uc_post_grid_elementor_539fbb8.ue-list-view .uc_content    {\n      display:flex;\n      flex-direction:column;\n      justify-content:center;\n    }\n \n\/*  for grid\/list layout switcher*\/\n\n#uc_post_grid_elementor_539fbb8 .ue-meta-data{  \n  display:flex !important;\n  flex-wrap: wrap;\n  line-height:1em;\n}\n\n#uc_post_grid_elementor_539fbb8 .ue-grid-item-meta-data{\n  display:inline-flex;\n  align-items:center;\n}\n\n#uc_post_grid_elementor_539fbb8 .ue-grid-item-meta-data a{\n  color:inherit;\n}\n\n.ue-grid-item-meta-data{\n  font-size:12px;\n}\n\n#uc_post_grid_elementor_539fbb8 .ue-grid-item-meta-data-icon{\n  line-height:1em;\n}\n\n#uc_post_grid_elementor_539fbb8 .ue-grid-item-meta-data-icon svg{\n  width:1em;\n  height:1em;\n}\n\n#uc_post_grid_elementor_539fbb8 .ue-debug-meta{\n  padding:10px;\n  border:1px solid red;\n  position:relative;\n  line-height:1.5em;\n  font-size:11px;\n  width:100%;\n}\n\n#uc_post_grid_elementor_539fbb8 .uc_btn_inner{\n  display:inline-flex;\n  align-items:center;\n  pointer-events:none;\n}\n\n#uc_post_grid_elementor_539fbb8 .uc_btn_inner svg{\n  width:1em;\n  height:1em;\n}\n#uc_post_grid_elementor_539fbb8 .ue_p_title{\n  pointer-events:none;\n}\n\n\n#uc_post_grid_elementor_539fbb8 .uc_content_inner{\n  width: 100%;\n}\n\n\n#uc_post_grid_elementor_539fbb8 .view-switcher-button{\n  display: flex;\n  align-items: center;\n}\n\n#uc_post_grid_elementor_539fbb8 .view-switcher-icon{\n  display: flex;\n  align-items: center;\n  line-height: 1;\n  cursor: pointer;\n  transition: all .3s ease;\n}\n\n#uc_post_grid_elementor_539fbb8 .view-switcher-icon svg{\n  height:1em;\n  width:1em;\n}\n\n#uc_post_grid_elementor_539fbb8 .view-switcher-icon.ue-hidden{\n  display: none;\n}\n\n\n#uc_post_grid_elementor_539fbb8_item1 [href=\"javascript:void(0)\"]{\n  cursor: unset;\n}\n\n\n#uc_post_grid_elementor_539fbb8_item2 [href=\"javascript:void(0)\"]{\n  cursor: unset;\n}\n\n\n#uc_post_grid_elementor_539fbb8_item3 [href=\"javascript:void(0)\"]{\n  cursor: unset;\n}\n\n\n#uc_post_grid_elementor_539fbb8_item4 [href=\"javascript:void(0)\"]{\n  cursor: unset;\n}\n\n\n<\/style>\n\n<div id=\"uc_post_grid_elementor_539fbb8\" class=\"uc_post_grid_style_one \"  >\n  \t\n  <div class=\"uc_post_grid_style_one_wrap ue_post_grid uc-items-wrapper ue-woo-grid\">\n    \n\n\n\n\n<div id=\"uc_post_grid_elementor_539fbb8_item1\" class=\"uc_post_grid_style_one_item ue_post_grid_item ue-item \">\n  \n      <a class=\"uc_post_grid_style_one_image \" href='javascript:void(0)' target=\"_self\">\n     <div class=\"uc_post_image\">\n       <img loading=\"lazy\" decoding=\"async\" src=\"https:\/\/www.progresolaboralcooperativaltda.com\/app\/uploads\/2026\/03\/compressed_1-1.webp\"  src=\"https:\/\/www.progresolaboralcooperativaltda.com\/app\/uploads\/2026\/03\/compressed_1-1.webp\" alt=\"compressed_1 (1)\" width=\"506\" height=\"374\">\n       <div class=\"uc_post_image_overlay\"><\/div>\n     <\/div>\n    <\/a>\n   \n  <div class=\"uc_content\">\n    <div class=\"uc_content_inner\">\n      <div class=\"uc_content-info-wrapper\" >\n                \n                            \n        <div class=\"uc_post_title\"><a class=\"\" href='javascript:void(0)' target=\"_self\"><div class=\"ue_p_title\">Sereno<\/div><\/a><\/div>\t\n                 \n          <div class=\"ue-meta-data\">\n            \n                \t    \n                \n        \n\t\n                \n                \n                \n                \n    \t\t\t\n      \n            \n  <\/div>\t\n             \n                   \n                         \n                                              \n      <\/div>                      \n                            \n \t<\/div>  <\/div>      \n        \n<\/div>\n\n\n\n\n\n<div id=\"uc_post_grid_elementor_539fbb8_item2\" class=\"uc_post_grid_style_one_item ue_post_grid_item ue-item \">\n  \n      <a class=\"uc_post_grid_style_one_image \" href='javascript:void(0)' target=\"_self\">\n     <div class=\"uc_post_image\">\n       <img loading=\"lazy\" decoding=\"async\" src=\"https:\/\/www.progresolaboralcooperativaltda.com\/app\/uploads\/2026\/03\/compressed_2-1.webp\"  src=\"https:\/\/www.progresolaboralcooperativaltda.com\/app\/uploads\/2026\/03\/compressed_2-1.webp\" alt=\"compressed_2 (1)\" width=\"506\" height=\"374\">\n       <div class=\"uc_post_image_overlay\"><\/div>\n     <\/div>\n    <\/a>\n   \n  <div class=\"uc_content\">\n    <div class=\"uc_content_inner\">\n      <div class=\"uc_content-info-wrapper\" >\n                \n                            \n        <div class=\"uc_post_title\"><a class=\"\" href='javascript:void(0)' target=\"_self\"><div class=\"ue_p_title\">Guardia Diurno y\/o Nocturno<\/div><\/a><\/div>\t\n                 \n          <div class=\"ue-meta-data\">\n            \n                \t    \n                \n        \n\t\n                \n                \n                \n                \n    \t\t\t\n      \n            \n  <\/div>\t\n             \n                   \n                         \n                                              \n      <\/div>                      \n                            \n \t<\/div>  <\/div>      \n        \n<\/div>\n\n\n\n\n\n<div id=\"uc_post_grid_elementor_539fbb8_item3\" class=\"uc_post_grid_style_one_item ue_post_grid_item ue-item \">\n  \n      <a class=\"uc_post_grid_style_one_image \" href='javascript:void(0)' target=\"_self\">\n     <div class=\"uc_post_image\">\n       <img loading=\"lazy\" decoding=\"async\" src=\"https:\/\/www.progresolaboralcooperativaltda.com\/app\/uploads\/2026\/03\/compressed_4.webp\"  src=\"https:\/\/www.progresolaboralcooperativaltda.com\/app\/uploads\/2026\/03\/compressed_4.webp\" alt=\"compressed_4\" width=\"492\" height=\"374\">\n       <div class=\"uc_post_image_overlay\"><\/div>\n     <\/div>\n    <\/a>\n   \n  <div class=\"uc_content\">\n    <div class=\"uc_content_inner\">\n      <div class=\"uc_content-info-wrapper\" >\n                \n                            \n        <div class=\"uc_post_title\"><a class=\"\" href='javascript:void(0)' target=\"_self\"><div class=\"ue_p_title\">Jardiner\u00eda, Desmalezamiento y Poda<\/div><\/a><\/div>\t\n                 \n          <div class=\"ue-meta-data\">\n            \n                \t    \n                \n        \n\t\n                \n                \n                \n                \n    \t\t\t\n      \n            \n  <\/div>\t\n             \n                   \n                         \n                                              \n      <\/div>                      \n                            \n \t<\/div>  <\/div>      \n        \n<\/div>\n\n\n\n\n\n<div id=\"uc_post_grid_elementor_539fbb8_item4\" class=\"uc_post_grid_style_one_item ue_post_grid_item ue-item \">\n  \n      <a class=\"uc_post_grid_style_one_image \" href='javascript:void(0)' target=\"_self\">\n     <div class=\"uc_post_image\">\n       <img loading=\"lazy\" decoding=\"async\" src=\"https:\/\/www.progresolaboralcooperativaltda.com\/app\/uploads\/2026\/03\/compressed_3.webp\"  src=\"https:\/\/www.progresolaboralcooperativaltda.com\/app\/uploads\/2026\/03\/compressed_3.webp\" alt=\"compressed_3\" width=\"506\" height=\"374\">\n       <div class=\"uc_post_image_overlay\"><\/div>\n     <\/div>\n    <\/a>\n   \n  <div class=\"uc_content\">\n    <div class=\"uc_content_inner\">\n      <div class=\"uc_content-info-wrapper\" >\n                \n                            \n        <div class=\"uc_post_title\"><a class=\"\" href='javascript:void(0)' target=\"_self\"><div class=\"ue_p_title\">Limpieza Ecolologica y Tradicional<\/div><\/a><\/div>\t\n                 \n          <div class=\"ue-meta-data\">\n            \n                \t    \n                \n        \n\t\n                \n                \n                \n                \n    \t\t\t\n      \n            \n  <\/div>\t\n             \n                   \n                         \n                                              \n      <\/div>                      \n                            \n \t<\/div>  <\/div>      \n        \n<\/div>\n\n  <\/div>\n<\/div>\n\n  <div id=\"uc_post_grid_elementor_539fbb8_empty_message\" class=\"ue-no-posts-found\"  style=\"display:none\" >No posts found<\/div>\n\n<!-- end Post Grid -->\t\t\t\t<\/div>\n\t\t\t\t<\/div>\n\t\t\t\t\t<\/div>\n\t\t\t\t<\/div>\n\t\t\t\t<\/div>\n\t\t","protected":false},"excerpt":{"rendered":"<p>Hablar con un Asesor Somos una cooperativa basada en la solidaridad y la cooperaci\u00f3n, con m\u00e1s de 10 a\u00f1os de trayectoria as\u00ed como una cartera de clientes de primera l\u00ednea que dan cuenta de la calidad de nuestras prestaciones. Sereno Guardia Diurno y\/o Nocturno Jardiner\u00eda, Desmalezamiento y Poda Limpieza Ecolologica y Tradicional No posts found<\/p>\n","protected":false},"author":2,"featured_media":0,"parent":0,"menu_order":0,"comment_status":"closed","ping_status":"closed","template":"","meta":{"_acf_changed":false,"footnotes":""},"class_list":["post-9","page","type-page","status-publish","hentry"],"acf":[],"_links":{"self":[{"href":"https:\/\/www.progresolaboralcooperativaltda.com\/index.php?rest_route=\/wp\/v2\/pages\/9","targetHints":{"allow":["GET"]}}],"collection":[{"href":"https:\/\/www.progresolaboralcooperativaltda.com\/index.php?rest_route=\/wp\/v2\/pages"}],"about":[{"href":"https:\/\/www.progresolaboralcooperativaltda.com\/index.php?rest_route=\/wp\/v2\/types\/page"}],"author":[{"embeddable":true,"href":"https:\/\/www.progresolaboralcooperativaltda.com\/index.php?rest_route=\/wp\/v2\/users\/2"}],"replies":[{"embeddable":true,"href":"https:\/\/www.progresolaboralcooperativaltda.com\/index.php?rest_route=%2Fwp%2Fv2%2Fcomments&post=9"}],"version-history":[{"count":386,"href":"https:\/\/www.progresolaboralcooperativaltda.com\/index.php?rest_route=\/wp\/v2\/pages\/9\/revisions"}],"predecessor-version":[{"id":526,"href":"https:\/\/www.progresolaboralcooperativaltda.com\/index.php?rest_route=\/wp\/v2\/pages\/9\/revisions\/526"}],"wp:attachment":[{"href":"https:\/\/www.progresolaboralcooperativaltda.com\/index.php?rest_route=%2Fwp%2Fv2%2Fmedia&parent=9"}],"curies":[{"name":"wp","href":"https:\/\/api.w.org\/{rel}","templated":true}]}}